{"id":2718,"date":"2020-12-29T14:16:59","date_gmt":"2020-12-29T14:16:59","guid":{"rendered":"https:\/\/foresteria.eu\/web\/?page_id=2718"},"modified":"2022-10-23T19:31:54","modified_gmt":"2022-10-23T19:31:54","slug":"cookies-policy","status":"publish","type":"page","link":"https:\/\/foresteria.eu\/web\/cookies-policy\/","title":{"rendered":"Cookies Policy"},"content":{"rendered":"<div class=\"brz-root__container brz-reset-all\">\n<section data-uid=\"jxofddjwtovsynevoabnuommpdnsndmmubyw\" id=\"home\" class=\"brz-section brz-css-gjird\">\n<div class=\"brz-section__content brz-section--boxed brz-css-yjuul brz-css-ioxha\" data-custom-id=\"nmlphqtanmhxsalkbfdyjuimgfcaixjykvor\">\n<div class=\"brz-bg\">\n<div class=\"brz-bg-image\"><\/div>\n<div class=\"brz-bg-color\"><\/div>\n<div class=\"brz-bg-shape brz-bg-shape__bottom\"><\/div>\n<\/div>\n<div class=\"brz-container brz-css-sumlb\">\n<div class=\"brz-css-ehhtz brz-wrapper\">\n<div class=\"brz-rich-text brz-rich-text__custom brz-css-befme\" data-custom-id=\"wqbmfsnwsjdbffmrljujoajmsnvizbkxmhuh\">\n<div>\n<h1 class=\"brz-css-skclz\"><span class=\"brz-cp-color8\">Foresteria Lombarda da Colombina<\/span><\/h1>\n<\/div>\n<\/div>\n<\/div>\n<div class=\"brz-css-ehhtz brz-wrapper\">\n<div class=\"brz-rich-text brz-rich-text__custom brz-css-befme\" data-custom-id=\"yqlhrvmvphwowijnhdbthggusygyoujqnonz\">\n<div>\n<h1 class=\"brz-css-egoov\"><span class=\"brz-cp-color8\">Affittacamere &#8211; Room for Rent<\/span><\/h1>\n<\/div>\n<\/div>\n<\/div>\n<div class=\"brz-css-ehhtz brz-css-tnmrt brz-css-oqxyn brz-wrapper\">\n<div class=\"brz-spacer brz-css-bwoyk brz-css-cyepy\"><\/div>\n<\/div>\n<div class=\"brz-css-ehhtz brz-css-tnmrt brz-wrapper\">\n<div class=\"brz-spacer brz-css-bwoyk brz-css-rthxj\"><\/div>\n<\/div>\n<\/div>\n<\/div>\n<\/section>\n<section data-uid=\"geoarpdxnooxpcseugelalfvowvnejadexte\" id=\"geoarpdxnooxpcseugelalfvowvnejadexte\" class=\"brz-section brz-css-gjird\">\n<div class=\"brz-section__content brz-section--boxed brz-css-yjuul brz-css-izwyk\" data-custom-id=\"cagmoqhrxapwekpcquiwlwupqmyttoqvyofk\">\n<div class=\"brz-container brz-css-sumlb\">\n<div class=\"brz-css-ehhtz brz-wrapper\">\n<div class=\"brz-rich-text brz-rich-text__custom brz-css-befme\" data-custom-id=\"nbeopxrfgwldfqdcuikwgqdpjcistizaaneo\">\n<div>\n<p class=\"brz-css-slhle\"><span class=\"brz-cp-color5\">Cookies Policy<\/span><\/p>\n<\/div>\n<\/div>\n<\/div>\n<div class=\"brz-row__container brz-css-eilpy\" data-custom-id=\"zpmynarmqktbygzzzncxfmckdozlhvzeuxgt\">\n<div class=\"brz-bg\"><\/div>\n<div class=\"brz-row brz-css-sykhm brz-css-uhovg\">\n<div class=\"brz-columns brz-css-rkdmp brz-css-bdeay\" data-custom-id=\"cmxwkimdepeackhqnildenlekhhobaadxqxn\">\n<div class=\"brz-bg\"><\/div>\n<div class=\"brz-column__items brz-css-rgbsi brz-css-pdvuv\">\n<div class=\"brz-css-ehhtz brz-wrapper\">\n<div class=\"brz-rich-text brz-rich-text__custom brz-css-befme\" data-custom-id=\"lefwaswzgeodaltszuwwmbfdlyhtqnhliqys\">\n<div>\n<p class=\"brz-css-lcili\"><strong class=\"brz-cp-color7\">Testo informativa estesa sull&#8217;uso dei cookie<\/strong><\/p>\n<p class=\"brz-css-uqtzq\"><span class=\"brz-cp-color7\">Il presente sito web utilizza cookie tecnici per garantire il corretto funzionamento delle procedure e migliorare l&#8217;esperienza di uso delle applicazioni online. Il presente documento fornisce informazioni sull&#8217;uso dei cookie e di tecnologie similari, su come sono utilizzati dal sito e su come gestirli.<\/span><\/p>\n<p class=\"brz-css-zyfkv\"><span class=\"brz-cp-color7\"> <\/span><\/p>\n<p class=\"brz-css-nswps\"><strong class=\"brz-cp-color7\"> Definizioni<\/strong><\/p>\n<p class=\"brz-css-elfqd\"><span class=\"brz-cp-color7\">I cookie sono piccoli file di testo che i siti visitati dagli utenti inviano ai loro terminali, ove vengono memorizzati per essere poi ritrasmessi agli stessi siti alla visita successiva. I cookie delle c.d. &#8220;terze parti&#8221; vengono, invece, impostati da un sito web diverso da quello che l&#8217;utente sta visitando. Questo perch\u00e9 su ogni sito possono essere presenti elementi (immagini, mappe, suoni, specifici link a pagine web di altri domini, ecc.) che risiedono su server diversi da quello del sito visitato.<\/span><\/p>\n<p class=\"brz-css-onhap\"><\/p>\n<p class=\"brz-css-fowbn\"><span class=\"brz-cp-color7\">Tipologie di cookie<\/span><\/p>\n<p class=\"brz-css-osbsu\"><span class=\"brz-cp-color7\">In base alle caratteristiche e all&#8217;utilizzo dei cookie si possono distinguere diverse categorie:- Cookie tecnici. I cookie tecnici sono quelli utilizzati al solo fine di &#8220;effettuare la trasmissione di una comunicazione su una rete di comunicazione elettronica, o nella misura strettamente necessaria al fornitore di un servizio della societ\u00e0 dell&#8217;informazione esplicitamente richiesto dall&#8217;abbonato o dall&#8217;utente a erogare tale servizio&#8221; (cfr. art. 122, comma 1, del Codice).Essi non vengono utilizzati per scopi ulteriori e sono normalmente installati direttamente dal titolare o gestore del sito web. Possono essere suddivisi in cookie di navigazione o di sessione, che garantiscono la normale navigazione e fruizione del sito web; cookie analytics, assimilati ai cookie tecnici laddove utilizzati direttamente dal gestore del sito per raccogliere informazioni, in forma aggregata, sul numero degli utenti e su come questi visitano il sito stesso; cookie di funzionalit\u00e0, che permettono all&#8217;utente la navigazione in funzione di una serie di criteri selezionati al fine di migliorare il servizio reso allo stesso. Per l&#8217;installazione di tali cookie non \u00e8 richiesto il preventivo consenso degli utenti, mentre resta fermo l&#8217;obbligo di dare l&#8217;informativa ai sensi dell&#8217;art. 13 del Codice, che il gestore del sito, qualora utilizzi soltanto tali dispositivi, potr\u00e0 fornire con le modalit\u00e0 che ritiene pi\u00f9 idonee.- Cookie di profilazione. I cookie di profilazione sono volti a creare profili relativi all&#8217;utente e vengono utilizzati al fine di inviare messaggi pubblicitari in linea con le preferenze manifestate dallo stesso nell&#8217;ambito della navigazione in rete. In ragione della particolare invasivit\u00e0 che tali dispositivi possono avere nell&#8217;ambito della sfera privata degli utenti, la normativa europea e italiana prevede che l&#8217;utente debba essere adeguatamente informato sull&#8217;uso degli stessi ed esprimere cos\u00ec il proprio valido consenso. Ad essi si riferisce l&#8217;art. 122 del Codice laddove prevede che &#8220;l&#8217;archiviazione delle informazioni nell&#8217;apparecchio terminale di un contraente o di un utente o l&#8217;accesso a informazioni gi\u00e0 archiviate sono consentiti unicamente a condizione che il contraente o l&#8217;utente abbia espresso il proprio consenso dopo essere stato informato con le modalit\u00e0 semplificate di cui all&#8217;articolo 13, comma 3&#8221; (art. 122, comma 1, del Codice). Il presente sito non utilizza cookie di profilazione.<\/span><\/p>\n<p class=\"brz-css-wtwcx\"><\/p>\n<p class=\"brz-css-pgfxw\"><strong class=\"brz-cp-color7\"> Cookie di &#8220;terze parti&#8221; <\/strong><\/p>\n<p class=\"brz-css-jmghu\"><span class=\"brz-cp-color7\">Visitando il presente sito web si potrebbero ricevere cookie da siti gestiti da altre organizzazioni (&#8220;terze parti&#8221;). Un esempio \u00e8 rappresentato dalla presenza dei &#8220;social plugin&#8221; per Facebook, Twitter, Google+ o LinkedIn, oppure sistemi di visualizzazione di contenuti multimediali embedded (integrati) come ad esempio Youtube, Flikr. Si tratta di parti generate direttamente dai suddetti siti ed integrati nella pagina web del sito ospitante visitato. La presenza di questi plugin comporta la trasmissione di cookie da e verso tutti i siti gestiti da terze parti. La gestione delle informazioni raccolte da &#8220;terze parti&#8221; \u00e8 disciplinata dalle relative informative cui si prega di fare riferimento. Per garantire una maggiore trasparenza e comodit\u00e0, si riportano qui di seguito gli indirizzi web delle diverse informative e delle modalit\u00e0 per la gestione dei cookie.<\/span><\/p>\n<p class=\"brz-css-kmvzc\"><\/p>\n<p class=\"brz-css-buibg\"><span class=\"brz-cp-color7\">Facebook informativa:\u00a0<\/span><a href=\"https:\/\/www.facebook.com\/help\/cookies\/Instagram\" class=\"link--external brz-cp-color7\" data-brz-link-type=\"external\">https:\/\/www.facebook.com\/help\/cookies\/Instagram<\/a><span class=\"brz-cp-color7\"> informativa:\u00a0<\/span><a href=\"https:\/\/help.instagram.com\/1896641480634370?ref=ig\" class=\"link--external brz-cp-color7\" data-brz-link-type=\"external\">https:\/\/help.instagram.com\/1896641480634370?ref=ig<\/a><\/p>\n<p class=\"brz-css-hzyve\"><\/p>\n<p class=\"brz-css-hiebj\"><span class=\"brz-cp-color7\">Cookie analytics Google Analytics Il sito include anche componenti trasmesse da Google Analytics, un servizio di analisi del traffico web fornito da Google, Inc. (&#8220;Google&#8221;). Tali cookie sono usati al solo fine di monitorare e migliorare le prestazioni del sito. Per ulteriori informazioni, si rinvia al link di seguito indicato:<\/span><\/p>\n<p class=\"brz-css-awslm\"><a href=\"https:\/\/www.google.it\/policies\/privacy\/partners\/\" class=\"link--external brz-cp-color7\" data-brz-link-type=\"external\">https:\/\/www.google.it\/policies\/privacy\/partners\/<\/a><\/p>\n<p class=\"brz-css-stsev\"><span class=\"brz-cp-color7\">L&#8217;utente pu\u00f2 disabilitare in modo selettivo l&#8217;azione di Google Analytics installando sul proprio browser la componente di opt-out fornito da Google. Per disabilitare l&#8217;azione di Google Analytics, si rinvia al link di seguito indicato:<\/span><\/p>\n<p class=\"brz-css-cuvlc\"><a href=\"https:\/\/tools.google.com\/dlpage\/gaoptout\" class=\"link--external brz-cp-color7\" data-brz-link-type=\"external\">https:\/\/tools.google.com\/dlpage\/gaoptout<\/a><\/p>\n<p class=\"brz-css-fdqdb\"><\/p>\n<\/div>\n<\/div>\n<\/div>\n<div class=\"brz-css-ehhtz brz-wrapper\">\n<div class=\"brz-rich-text brz-rich-text__custom brz-css-befme\" data-custom-id=\"mkhurocqndwpvgpzdqjguxitpviwistalxti\">\n<div>\n<p class=\"brz-css-xzjet\"><strong class=\"brz-cp-color7\">Durata dei cookie<\/strong><\/p>\n<p class=\"brz-css-rbpuf\"><span class=\"brz-cp-color7\">Alcuni cookie (cookie di sessione) restano attivi solo fino alla chiusura del browser o all&#8217;esecuzione dell&#8217;eventuale comando di logout. Altri cookie &#8220;sopravvivono&#8221; alla chiusura del browser e sono disponibili anche in successive visite dell&#8217;utente. Questi cookie sono detti persistenti e la loro durata \u00e8 fissata dal server al momento della loro creazione. In alcuni casi \u00e8 fissata una scadenza, in altri casi la durata \u00e8 illimitata.<\/span><\/p>\n<p class=\"brz-css-xbjze\"><\/p>\n<p class=\"brz-css-pwlad\"><strong class=\"brz-cp-color7\">Gestione dei cookie<\/strong><\/p>\n<p class=\"brz-css-ofsyq\"><span class=\"brz-cp-color7\">L&#8217;utente pu\u00f2 decidere se accettare o meno i cookie utilizzando le impostazioni del proprio browser. Attenzione: con la disabilitazione totale o parziale dei cookie tecnici potrebbe compromettere l&#8217;utilizzo ottimale del sito. La disabilitazione dei cookie &#8220;terze parti&#8221; non pregiudica in alcun modo la navigabilit\u00e0. L&#8217;impostazione pu\u00f2 essere definita in modo specifico per i diversi siti e applicazioni web. Inoltre i browser consentono di definire impostazioni diverse per i cookie &#8220;proprietari&#8221; e per quelli di &#8220;terze parti&#8221;. A titolo di esempio, in Firefox, attraverso il menu Strumenti-&gt;Opzioni-&gt;Privacy, \u00e8 possibile accedere ad un pannello di controllo dove \u00e8 possibile definire se accettare o meno i diversi tipi di cookie e procedere alla loro rimozione. In internet \u00e8 facilmente reperibile la documentazione su come impostare le regole di gestione dei cookies per il proprio browser, a titolo di esempio si riportano alcuni indirizzi relativi ai principali browser:<\/span><\/p>\n<p class=\"brz-css-ouhgv\"><span class=\"brz-cp-color7\"> <\/span><\/p>\n<p class=\"brz-css-dfest\"><span class=\"brz-cp-color7\">Chrome:\u00a0<\/span><a href=\"https:\/\/support.google.com\/chrome\/answer\/95647?hl=it\" class=\"link--external brz-cp-color7\" data-brz-link-type=\"external\">https:\/\/support.google.com\/chrome\/answer\/95647?hl=it<\/a><\/p>\n<p class=\"brz-css-jonld\"><span class=\"brz-cp-color7\">Firefox:\u00a0<\/span><a href=\"https:\/\/support.mozilla.org\/it\/kb\/Gestione%20dei%20cookieInternet\" class=\"link--external brz-cp-color7\" data-brz-link-type=\"external\">https:\/\/support.mozilla.org\/it\/kb\/Gestione%20dei%20cookieInternet <\/a><span class=\"brz-cp-color7\">Explorer:\u00a0<\/span><a href=\"http:\/\/windows.microsoft.com\/it-it\/windows7\/how-to-manage-cookies-in-internet-explorer-9\" class=\"link--external brz-cp-color7\" data-brz-link-type=\"external\">http:\/\/windows.microsoft.com\/it-it\/windows7\/how-to-manage-cookies-in-internet-explorer-9<\/a><\/p>\n<p class=\"brz-css-yxsiw\"><span class=\"brz-cp-color7\">Opera:\u00a0<\/span><a href=\"http:\/\/help.opera.com\/Windows\/10.00\/it\/cookies.htmlSafari: http:\/\/support.apple.com\/kb\/HT1677?viewlocale=it_IT\" class=\"link--external brz-cp-color7\" data-brz-link-type=\"external\">http:\/\/help.opera.com\/Windows\/10.00\/it\/cookies.htmlSafari:\u00a0http:\/\/support.apple.com\/kb\/HT1677?viewlocale=it_IT<\/a><\/p>\n<p class=\"brz-css-txcvp\"><span class=\"brz-cp-color7\"> <\/span><\/p>\n<\/div>\n<\/div>\n<\/div>\n<\/div>\n<\/div>\n<div class=\"brz-columns brz-css-rkdmp brz-css-hlbcl\" data-custom-id=\"iyjmdkiwthwbyyyobqghugjkktxonmnstdrh\">\n<div class=\"brz-bg\"><\/div>\n<div class=\"brz-column__items brz-css-rgbsi brz-css-nvprz\">\n<div class=\"brz-css-ehhtz brz-wrapper\">\n<div class=\"brz-rich-text brz-rich-text__custom brz-css-befme\" data-custom-id=\"fztlwqvdgvdgyjqwuzqguwjlieftppuqovvj\">\n<div>\n<p class=\"brz-css-lsfgi\"><a href=\"https:\/\/foresteria.eu\/web\/home-page\/\" class=\"brz-cp-color2 link--external\" data-brz-link-type=\"external\">Torna al Sito<\/a><\/p>\n<\/div>\n<\/div>\n<\/div>\n<div class=\"brz-css-ehhtz brz-css-vxvma brz-wrapper\">\n<div class=\"brz-image brz-css-swpjg\"><img class=\"brz-img\" src=\"https:\/\/foresteria.eu\/web\/wp-content\/uploads\/brizy\/imgs\/panorama2-1-275x367x0x79x275x209x1598896181.jpeg\" alt=\"\" loading=\"lazy\" \/><\/div>\n<\/div>\n<\/div>\n<\/div>\n<\/div>\n<\/div>\n<\/div>\n<\/div>\n<\/section>\n<\/div>\n<p><!-- version:1666553514 --><\/p>\n","protected":false},"excerpt":{"rendered":"<p>Foresteria Lombarda da Colombina Affittacamere &#8211; Room for Rent Cookies Policy Testo informativa estesa sull&#8217;uso dei cookie Il presente sito web utilizza cookie tecnici per garantire il corretto funzionamento delle procedure e migliorare l&#8217;esperienza di uso delle applicazioni online. Il presente documento fornisce informazioni sull&#8217;uso dei cookie e di tecnologie similari, su come sono utilizzati [&hellip;]<\/p>\n","protected":false},"author":1,"featured_media":0,"parent":0,"menu_order":0,"comment_status":"closed","ping_status":"closed","template":"brizy-blank-template.php","meta":[],"_links":{"self":[{"href":"https:\/\/foresteria.eu\/web\/wp-json\/wp\/v2\/pages\/2718"}],"collection":[{"href":"https:\/\/foresteria.eu\/web\/wp-json\/wp\/v2\/pages"}],"about":[{"href":"https:\/\/foresteria.eu\/web\/wp-json\/wp\/v2\/types\/page"}],"author":[{"embeddable":true,"href":"https:\/\/foresteria.eu\/web\/wp-json\/wp\/v2\/users\/1"}],"replies":[{"embeddable":true,"href":"https:\/\/foresteria.eu\/web\/wp-json\/wp\/v2\/comments?post=2718"}],"version-history":[{"count":7,"href":"https:\/\/foresteria.eu\/web\/wp-json\/wp\/v2\/pages\/2718\/revisions"}],"predecessor-version":[{"id":2899,"href":"https:\/\/foresteria.eu\/web\/wp-json\/wp\/v2\/pages\/2718\/revisions\/2899"}],"wp:attachment":[{"href":"https:\/\/foresteria.eu\/web\/wp-json\/wp\/v2\/media?parent=2718"}],"curies":[{"name":"wp","href":"https:\/\/api.w.org\/{rel}","templated":true}]}}